{"id":40,"date":"2026-03-13T11:35:59","date_gmt":"2026-03-13T11:35:59","guid":{"rendered":"https:\/\/temtqam.digital\/?page_id=40"},"modified":"2026-03-13T11:36:09","modified_gmt":"2026-03-13T11:36:09","slug":"jugendschutz","status":"publish","type":"page","link":"https:\/\/temtqam.digital\/?page_id=40","title":{"rendered":"Jugendschutz"},"content":{"rendered":"\n<p>Der Verkauf von Alkohol an Kinder \u0438 Jugendliche ist gesetzlich streng verboten. Wir bei temtqam nehmen unsere gesellschaftliche Verantwortung sehr ernst \u0438 halten uns strikt an die Bestimmungen des Jugendschutzgesetzes. Ein Verkauf von Wein oder anderen alkoholischen Getr\u00e4nken an Personen unter 18 Jahren findet in unserem Shop unter <a target=\"_blank\" rel=\"noreferrer noopener\" href=\"https:\/\/temtqam.digital\">https:\/\/temtqam.digital<\/a> nicht statt. Tobias Bossanyi hat klare Protokolle implementiert, um das Alter unserer Kunden zweifelsfrei zu verifizieren.<\/p>\n\n\n\n<p>Unsere Sicherheitsma\u00dfnahmen:<\/p>\n\n\n\n<ol start=\"1\" class=\"wp-block-list\">\n<li>Alterspr\u00fcfung bereits beim Betreten des Webshops durch eine Abfrage.<\/li>\n\n\n\n<li>Verpflichtende Altersangabe im Rahmen des Bestellprozesses.<\/li>\n\n\n\n<li>Versand erfolgt ausschlie\u00dflich mit einer DHL Alterspr\u00fcfung an der Haust\u00fcr in M\u00fcnchen \u0438\u043b\u0438 deutschlandweit.<\/li>\n\n\n\n<li>Keine Aush\u00e4ndigung der Ware an minderj\u00e4hrige Personen durch den Zusteller.<\/li>\n<\/ol>\n\n\n\n<p>Mit der Bestellung bei temtqam versichert der Kunde, das gesetzlich vorgeschriebene Mindestalter erreicht zu haben. Wir behalten uns vor, bei Zweifeln zus\u00e4tzliche Nachweise anzufordern. Der Schutz der Jugend steht f\u00fcr unser Team an oberster Stelle.<\/p>\n","protected":false},"excerpt":{"rendered":"<p>Der Verkauf von Alkohol an Kinder \u0438 Jugendliche ist gesetzlich streng verboten. Wir bei temtqam nehmen unsere gesellschaftliche Verantwortung sehr ernst \u0438 halten uns strikt an die Bestimmungen des Jugendschutzgesetzes. Ein Verkauf von Wein oder anderen alkoholischen Getr\u00e4nken an Personen unter 18 Jahren findet in unserem Shop unter https:\/\/temtqam.digital nicht statt. Tobias Bossanyi hat klare&#8230;<\/p>\n","protected":false},"author":1,"featured_media":0,"parent":0,"menu_order":6,"comment_status":"closed","ping_status":"closed","template":"","meta":{"footnotes":""},"class_list":["post-40","page","type-page","status-publish","hentry"],"_links":{"self":[{"href":"https:\/\/temtqam.digital\/index.php?rest_route=\/wp\/v2\/pages\/40","targetHints":{"allow":["GET"]}}],"collection":[{"href":"https:\/\/temtqam.digital\/index.php?rest_route=\/wp\/v2\/pages"}],"about":[{"href":"https:\/\/temtqam.digital\/index.php?rest_route=\/wp\/v2\/types\/page"}],"author":[{"embeddable":true,"href":"https:\/\/temtqam.digital\/index.php?rest_route=\/wp\/v2\/users\/1"}],"replies":[{"embeddable":true,"href":"https:\/\/temtqam.digital\/index.php?rest_route=%2Fwp%2Fv2%2Fcomments&post=40"}],"version-history":[{"count":1,"href":"https:\/\/temtqam.digital\/index.php?rest_route=\/wp\/v2\/pages\/40\/revisions"}],"predecessor-version":[{"id":41,"href":"https:\/\/temtqam.digital\/index.php?rest_route=\/wp\/v2\/pages\/40\/revisions\/41"}],"wp:attachment":[{"href":"https:\/\/temtqam.digital\/index.php?rest_route=%2Fwp%2Fv2%2Fmedia&parent=40"}],"curies":[{"name":"wp","href":"https:\/\/api.w.org\/{rel}","templated":true}]}}