{"id":42,"date":"2026-03-13T11:36:42","date_gmt":"2026-03-13T11:36:42","guid":{"rendered":"https:\/\/temtqam.digital\/?page_id=42"},"modified":"2026-03-13T11:36:45","modified_gmt":"2026-03-13T11:36:45","slug":"versand-%d0%b8-zahlungsbedingungen","status":"publish","type":"page","link":"https:\/\/temtqam.digital\/?page_id=42","title":{"rendered":"Versand \u0438 Zahlungsbedingungen"},"content":{"rendered":"\n<p>Die Lieferung unserer Weine erfolgt mit h\u00f6chster Sorgfalt, damit jede Flasche sicher in M\u00fcnchen oder an jedem anderen Ort ankommt. Tobias Bossanyi setzt auf spezielle, zertifizierte Versandkartonagen f\u00fcr Glaswaren. Wir arbeiten mit zuverl\u00e4ssigen Logistikpartnern zusammen, um eine z\u00fcgige Zustellung innerhalb von zwei bis drei Werktagen zu garantieren. Die Versandkosten werden im Warenkorb von temtqam transparent ausgewiesen. Ab einem bestimmten Bestellwert bieten wir eine kostenfreie Lieferung innerhalb Deutschlands an.<\/p>\n\n\n\n<p><strong>Zahlungsm\u00f6glichkeiten bei temtqam: <\/strong><\/p>\n\n\n\n<p>\u2022 Vorkasse per Bank\u00fcberweisung auf unser Gesch\u00e4ftskonto. <\/p>\n\n\n\n<p>\u2022 Zahlung per Kreditkarte \u00fcber gesicherte Verbindung.<\/p>\n\n\n\n<p> \u2022 Moderne digitale Bezahlsysteme wie PayPal.<\/p>\n\n\n\n<p>F\u00fcr Kunden aus dem Raum M\u00fcnchen bieten wir nach vorheriger Absprache in der Ernst.von.Beling.Stra\u00dfe 10A eine kontaktlose Abholung an. Wir versenden ausschlie\u00dflich in bruchsicheren Verpackungen. Jede Sendung ist versichert, damit Ihr Weingenuss ohne Risiko bleibt. Bei Fragen zur Lieferung erreichen Sie uns unter <strong>connect@temtqam.digital<\/strong>.<\/p>\n","protected":false},"excerpt":{"rendered":"<p>Die Lieferung unserer Weine erfolgt mit h\u00f6chster Sorgfalt, damit jede Flasche sicher in M\u00fcnchen oder an jedem anderen Ort ankommt. Tobias Bossanyi setzt auf spezielle, zertifizierte Versandkartonagen f\u00fcr Glaswaren. Wir arbeiten mit zuverl\u00e4ssigen Logistikpartnern zusammen, um eine z\u00fcgige Zustellung innerhalb von zwei bis drei Werktagen zu garantieren. Die Versandkosten werden im Warenkorb von temtqam transparent&#8230;<\/p>\n","protected":false},"author":1,"featured_media":0,"parent":0,"menu_order":7,"comment_status":"closed","ping_status":"closed","template":"","meta":{"footnotes":""},"class_list":["post-42","page","type-page","status-publish","hentry"],"_links":{"self":[{"href":"https:\/\/temtqam.digital\/index.php?rest_route=\/wp\/v2\/pages\/42","targetHints":{"allow":["GET"]}}],"collection":[{"href":"https:\/\/temtqam.digital\/index.php?rest_route=\/wp\/v2\/pages"}],"about":[{"href":"https:\/\/temtqam.digital\/index.php?rest_route=\/wp\/v2\/types\/page"}],"author":[{"embeddable":true,"href":"https:\/\/temtqam.digital\/index.php?rest_route=\/wp\/v2\/users\/1"}],"replies":[{"embeddable":true,"href":"https:\/\/temtqam.digital\/index.php?rest_route=%2Fwp%2Fv2%2Fcomments&post=42"}],"version-history":[{"count":1,"href":"https:\/\/temtqam.digital\/index.php?rest_route=\/wp\/v2\/pages\/42\/revisions"}],"predecessor-version":[{"id":43,"href":"https:\/\/temtqam.digital\/index.php?rest_route=\/wp\/v2\/pages\/42\/revisions\/43"}],"wp:attachment":[{"href":"https:\/\/temtqam.digital\/index.php?rest_route=%2Fwp%2Fv2%2Fmedia&parent=42"}],"curies":[{"name":"wp","href":"https:\/\/api.w.org\/{rel}","templated":true}]}}